{"id":276,"date":"2012-03-08T09:50:08","date_gmt":"2012-03-08T08:50:08","guid":{"rendered":"http:\/\/bmwmodernmovementnewsletter.es\/bmw\/?page_id=276"},"modified":"2012-03-08T16:03:48","modified_gmt":"2012-03-08T15:03:48","slug":"aviso-legal","status":"publish","type":"page","link":"http:\/\/bmwmodernmovementnewsletter.es\/bmw\/aviso-legal\/","title":{"rendered":"Aviso Legal"},"content":{"rendered":"<p><strong>Ediciones AYE S.L.<\/strong><br \/>\nC\/ Santa Mar\u00eda, 15. L-3.<br \/>\n28231 Las Rozas. Madrid. Espa\u00f1a.<br \/>\nC.I.F.:B-78699014<br \/>\nRegistro Mercantil de Madrid, tomo 495, folio 112, hoja M-9492. Inscripci\u00f3n 1\u00aa.<br \/>\nTlf: 91 616 78 62 Fax: 91 616 79 11.<br \/>\n<a title=\"BMW Modern Movement Newsletter\" href=\"http:\/\/www.bmwmodernmovementnewsletter.es\" target=\"_blank\">http:\/\/www.bmwmodernmovementnewsletter.es<\/a><\/p>\n<p><strong>Sobre la Propiedad Legal y el Copyright<\/strong><\/p>\n<p>El propietario de esta web y su contenido es la empresa Ediciones AYE S.L., en adelante Ediciones AYE. Queda prohibida la transmisi\u00f3n, cesi\u00f3n, venta, alquiler y\/o exposici\u00f3n p\u00fablica de esta web sin la correspondiente autorizaci\u00f3n de sus due\u00f1os. La informaci\u00f3n y consejos presentados en esta web son de car\u00e1cter orientativos quedando Ediciones AYE exenta de cualquier responsabilidad derivada de la falta de exactitud o efectividad en dicha informaci\u00f3n o consejos.<\/p>\n<p>Ediciones AYE se reserva el derecho de modificar el contenido de la web sin previo aviso y sin ning\u00fan tipo de limitaci\u00f3n. La informaci\u00f3n remitida a esta web o introducida a trav\u00e9s de sus formularios deber\u00e1 ser veraz y no vulnerar\u00e1 el derecho a terceros ni la legalidad vigente.<\/p>\n<p>Ediciones AYE declina cualquier responsabilidad contractual o extracontractual con la persona o empresa que tuviera perjuicios de cualquier naturaleza ocasionados por virus inform\u00e1ticos o por elementos inform\u00e1ticos de cualquier \u00edndole al no poder garantizar al 100% la ausencia de virus ni de otros elementos en la web.<\/p>\n<p><strong>Condiciones de Utilizaci\u00f3n de la Web<\/strong><\/p>\n<p>Ediciones AYE ofrece en su web informaci\u00f3n relacionada con el tipo de actividad, productos y servicios que informa, y en los t\u00e9rminos y condiciones que sean pactados.<\/p>\n<p>Ediciones AYE se reserva el derecho a actualizar, modificar o eliminar la informaci\u00f3n contenida en <a title=\"BMW Modern Movement Newsletter\" href=\"http:\/\/www.bmwmodernmovementnewsletter.es\" target=\"_blank\">www.bmwmodernmovementnewsletter.es<\/a> pudiendo limitar o no permitir el acceso a dicha informaci\u00f3n. Especialmente, Ediciones AYE se reserva el derecho a eliminar, limitar o impedir el acceso a su web cuando surjan dificultades t\u00e9cnicas por hechos o circunstancias ajenas a Ediciones AYE que, a su criterio, disminuyan o anulen los niveles de seguridad adoptados para el adecuado funcionamiento de la web.<\/p>\n<p><strong>Pol\u00edtica de Protecci\u00f3n de Datos Personales<\/strong><\/p>\n<p>Algunos servicios prestados en la web pueden contener condiciones particulares con previsiones espec\u00edficas en materia de protecci\u00f3n de Datos Personales.<\/p>\n<p>Los datos personales recogidos ser\u00e1n objeto de tratamiento automatizado e incorporados a los correspondientes ficheros automatizados.<\/p>\n<p>El usuario garantiza que los datos personales facilitados a Ediciones AYE son veraces y se hace responsable de comunicar cualquier modificaci\u00f3n en los mismos.<\/p>\n<p>Ediciones AYE, como responsable del fichero automatizado, garantiza el pleno cumplimiento de la normativa de Protecci\u00f3n de Datos de Car\u00e1cter Personal, y as\u00ed, de acuerdo con la L.O. 15\/1999, los apoderados, intervinientes, autorizados y, en su caso, avalistas de la entidad jur\u00eddica firmante quedan informados y prestan su consentimiento a la incorporaci\u00f3n de sus datos a los ficheros automatizados existentes.<\/p>\n<p>Dichos ficheros han quedado registrados en la Agencia Espa\u00f1ola de Protecci\u00f3n de Datos (www.agpd.es), tal como estipula la ley vigente, con c\u00f3digos de inscripci\u00f3n asignados: 2071280110, 2071270097, 2071280108, 2071280106.<\/p>\n<p>La recogida y tratamiento automatizado de los datos personales tiene como finalidad el mantenimiento de la relaci\u00f3n contractual con Redycomercio, la gesti\u00f3n, administraci\u00f3n, prestaci\u00f3n, ampliaci\u00f3n y mejora de los servicios en los que el usuario decida darse de alta, as\u00ed como el env\u00edo por medios tradicionales y electr\u00f3nicos, de informaci\u00f3n t\u00e9cnica, operativa y comercial acerca de productos y servicios ofrecidos por Redycomercio.<\/p>\n<p>Redycomercio ha adoptado los niveles de seguridad de protecci\u00f3n de los datos personales legalmente requeridos, y procura instalar aquellos otros medios y medidas t\u00e9cnicas adicionales a su alcance para evitar la p\u00e9rdida, mal uso, alteraci\u00f3n, acceso no autorizado y robo de los datos personales facilitados a Redycomercio. No obstante, el usuario debe ser consciente de que las medidas de seguridad en Internet no son inexpugnables.<\/p>\n<p>Los usuarios tienen derechos reconocidos y podr\u00e1n ejercitar los derechos de acceso, cancelaci\u00f3n, rectificaci\u00f3n y oposici\u00f3n, as\u00ed como a ser informados de las cesiones realizadas contactando con Redycomercio.<\/p>\n<p>Redycomercio puede utilizar cookies cuando un usuario navega por la web, asoci\u00e1ndose \u00fanicamente con el navegador de un ordenador determinado (un usuario an\u00f3nimo), y no proporcionan por s\u00ed el nombre y apellidos del usuario. Gracias a las cookies, resulta posible que Redycomercio reconozca los navegadores de los usuarios registrados despu\u00e9s de que \u00e9stos se hayan registrado por primera vez, sin que tengan que registrarse en cada visita para acceder a las \u00e1reas y servicios reservados exclusivamente a ellos. Las cookies utilizadas no pueden leer los archivos cookie creados por otros proveedores. El usuario tiene la posibilidad de configurar su navegador para ser avisado en pantalla de la recepci\u00f3n de cookies y para impedir la instalaci\u00f3n de cookies en su disco duro.<\/p>\n<p><strong>Anal\u00edtica Web<\/strong><\/p>\n<p>Esta p\u00e1gina web utiliza Google Analytics, un servicio anal\u00edtico de web prestado por Google, Inc., una compa\u00f1\u00eda de Delaware cuya oficina principal est\u00e1 en 1600 Amphitheatre Parkway, Mountain View (California), CA 94043, Estados Unidos (\u201cGoogle\u201d).<\/p>\n<p>Google Analytics utiliza \u201ccookies\u201d, que son archivos de texto ubicados en su ordenador, para ayudar al website a analizar el uso que hacen los usuarios del sitio web. La informaci\u00f3n que genera la cookie acerca de su uso del website (incluyendo su direcci\u00f3n IP) ser\u00e1 directamente transmitida y archivada por Google en los servidores de Estados Unidos. Google usar\u00e1 esta informaci\u00f3n por cuenta nuestra con el prop\u00f3sito de seguir la pista de su uso del website, recopilando informes de la actividad del website y prestando otros servicios relacionados con la actividad del website y el uso de Internet.<\/p>\n<p>Google podr\u00e1 transmitir dicha informaci\u00f3n a terceros cuando as\u00ed se lo requiera la legislaci\u00f3n, o cuando dichos terceros procesen la informaci\u00f3n por cuenta de Google. Google no asociar\u00e1 su direcci\u00f3n IP con ning\u00fan otro dato del que disponga Google.<\/p>\n<p>Puede Usted rechazar el tratamiento de los datos o la informaci\u00f3n rechazando el uso de cookies mediante la selecci\u00f3n de la configuraci\u00f3n apropiada de su navegador, sin embargo, debe Usted saber que si lo hace puede ser que no pueda usar la plena funcionabilidad de este website.<\/p>\n<p>Al utilizar este website Usted consiente el tratamiento de informaci\u00f3n acerca de Usted por Google en la forma y para los fines arriba indicados.<\/p>\n","protected":false},"excerpt":{"rendered":"<p>Ediciones AYE S.L. C\/ Santa Mar\u00eda, 15. L-3. 28231 Las Rozas. Madrid. Espa\u00f1a. C.I.F.:B-78699014 Registro Mercantil de Madrid, tomo 495, folio 112, hoja M-9492. Inscripci\u00f3n 1\u00aa. Tlf: 91 616 78 62 Fax: 91 616 79 11. http:\/\/www.bmwmodernmovementnewsletter.es Sobre la Propiedad &hellip; <a href=\"http:\/\/bmwmodernmovementnewsletter.es\/bmw\/aviso-legal\/\">Seguir leyendo <span class=\"meta-nav\">&rarr;<\/span><\/a><\/p>\n","protected":false},"author":1,"featured_media":0,"parent":0,"menu_order":0,"comment_status":"closed","ping_status":"closed","template":"","meta":[],"_links":{"self":[{"href":"http:\/\/bmwmodernmovementnewsletter.es\/bmw\/wp-json\/wp\/v2\/pages\/276"}],"collection":[{"href":"http:\/\/bmwmodernmovementnewsletter.es\/bmw\/wp-json\/wp\/v2\/pages"}],"about":[{"href":"http:\/\/bmwmodernmovementnewsletter.es\/bmw\/wp-json\/wp\/v2\/types\/page"}],"author":[{"embeddable":true,"href":"http:\/\/bmwmodernmovementnewsletter.es\/bmw\/wp-json\/wp\/v2\/users\/1"}],"replies":[{"embeddable":true,"href":"http:\/\/bmwmodernmovementnewsletter.es\/bmw\/wp-json\/wp\/v2\/comments?post=276"}],"version-history":[{"count":0,"href":"http:\/\/bmwmodernmovementnewsletter.es\/bmw\/wp-json\/wp\/v2\/pages\/276\/revisions"}],"wp:attachment":[{"href":"http:\/\/bmwmodernmovementnewsletter.es\/bmw\/wp-json\/wp\/v2\/media?parent=276"}],"curies":[{"name":"wp","href":"https:\/\/api.w.org\/{rel}","templated":true}]}}